{"id":76,"date":"2024-05-24T18:19:52","date_gmt":"2024-05-24T21:19:52","guid":{"rendered":"https:\/\/ferrodrigues.com.br\/laricasfatness\/?page_id=76"},"modified":"2024-05-24T18:22:45","modified_gmt":"2024-05-24T21:22:45","slug":"politicas-de-privacidade","status":"publish","type":"page","link":"https:\/\/ferrodrigues.com.br\/laricasfatness\/politicas-de-privacidade\/","title":{"rendered":"Pol\u00edticas de Privacidade"},"content":{"rendered":"\t\t<div data-elementor-type=\"wp-page\" data-elementor-id=\"76\" class=\"elementor elementor-76\">\n\t\t\t\t<div class=\"elementor-element elementor-element-1259e542 e-flex e-con-boxed e-con e-parent\" data-id=\"1259e542\" data-element_type=\"container\" data-e-type=\"container\" data-settings=\"{&quot;background_background&quot;:&quot;classic&quot;}\">\n\t\t\t\t\t<div class=\"e-con-inner\">\n\t\t\t\t<div class=\"elementor-element elementor-element-25e74365 elementor-widget elementor-widget-image\" data-id=\"25e74365\" data-element_type=\"widget\" data-e-type=\"widget\" data-widget_type=\"image.default\">\n\t\t\t\t<div class=\"elementor-widget-container\">\n\t\t\t\t\t\t\t\t\t\t\t\t\t\t\t<img decoding=\"async\" width=\"200\" height=\"104\" src=\"https:\/\/ferrodrigues.com.br\/laricasfatness\/wp-content\/uploads\/2024\/05\/LOGO-SITE-5.jpg\" class=\"attachment-full size-full wp-image-80\" alt=\"\" \/>\t\t\t\t\t\t\t\t\t\t\t\t\t\t\t<\/div>\n\t\t\t\t<\/div>\n\t\t\t\t<div class=\"elementor-element elementor-element-59800f98 elementor-widget elementor-widget-heading\" data-id=\"59800f98\" data-element_type=\"widget\" data-e-type=\"widget\" data-widget_type=\"heading.default\">\n\t\t\t\t<div class=\"elementor-widget-container\">\n\t\t\t\t\t<h2 class=\"elementor-heading-title elementor-size-default\">Quem somos<\/h2>\t\t\t\t<\/div>\n\t\t\t\t<\/div>\n\t\t\t\t<div class=\"elementor-element elementor-element-75017951 elementor-widget elementor-widget-text-editor\" data-id=\"75017951\" data-element_type=\"widget\" data-e-type=\"widget\" data-widget_type=\"text-editor.default\">\n\t\t\t\t<div class=\"elementor-widget-container\">\n\t\t\t\t\t\t\t\t\tNesta se\u00e7\u00e3o voc\u00ea deve explicitar o URL do seu site, assim como o nome da empresa, organiza\u00e7\u00e3o ou indiv\u00edduo respons\u00e1vel, e tamb\u00e9m informa\u00e7\u00f5es de contato detalhadas.\n\nO volume de informa\u00e7\u00f5es que voc\u00ea pode ser obrigado a fornecer varia de acordo com sua localiza\u00e7\u00e3o ou regras comerciais espec\u00edficas. Voc\u00ea pode, por exemplo, ser obrigado a fornecer um endere\u00e7o f\u00edsico, um endere\u00e7o comercial ou o n\u00famero de cadastro da sua empresa.\n\nQuais dados pessoais coletamos e porque\nNesta se\u00e7\u00e3o voc\u00ea deve descrever quais dados pessoais s\u00e3o coletados de usu\u00e1rios e visitantes em seu site. Isso pode incluir dados pessoais, como nome, endere\u00e7o de e-mail, preferencias pessoais e dados de transa\u00e7\u00f5es, tais como informa\u00e7\u00f5es de compras, tamb\u00e9m dados t\u00e9cnicos, como informa\u00e7\u00f5es sobre cookies.\n\nVoc\u00ea tamb\u00e9m deve justificar qualquer coleta e reten\u00e7\u00e3o de dados pessoais sens\u00edveis, como dados referentes a sa\u00fade.\n\nAl\u00e9m de listar quais dados pessoais voc\u00ea coleta, voc\u00ea deve explicar por que os coleta. Essas explica\u00e7\u00f5es devem justificar as bases legais para a coleta e reten\u00e7\u00e3o dos dados ou o consentimento expresso fornecido pelo usu\u00e1rio.\n\nDados pessoais n\u00e3o s\u00e3o criados apenas pela intera\u00e7\u00e3o do usu\u00e1rio com o seu site. Eles tamb\u00e9m s\u00e3o gerados por processos t\u00e9cnicos, como formul\u00e1rios de contato, cookies, dados para an\u00e1lises e m\u00eddias de terceiros incorporadas.\n\nPor padr\u00e3o o WordPress n\u00e3o coleta dados pessoais sobre visitantes, e apenas coleta os dados mostrados na tela de perfil dos usu\u00e1rios cadastrados. Por\u00e9m, se algum dos seus plugins tamb\u00e9m coletar dados pessoais, adicione essa informa\u00e7\u00e3o abaixo.\t\t\t\t\t\t\t\t<\/div>\n\t\t\t\t<\/div>\n\t\t\t\t<div class=\"elementor-element elementor-element-60e0de29 elementor-widget elementor-widget-heading\" data-id=\"60e0de29\" data-element_type=\"widget\" data-e-type=\"widget\" data-widget_type=\"heading.default\">\n\t\t\t\t<div class=\"elementor-widget-container\">\n\t\t\t\t\t<h2 class=\"elementor-heading-title elementor-size-default\">Coment\u00e1rios<\/h2>\t\t\t\t<\/div>\n\t\t\t\t<\/div>\n\t\t\t\t<div class=\"elementor-element elementor-element-392ea7d4 elementor-widget elementor-widget-text-editor\" data-id=\"392ea7d4\" data-element_type=\"widget\" data-e-type=\"widget\" data-widget_type=\"text-editor.default\">\n\t\t\t\t<div class=\"elementor-widget-container\">\n\t\t\t\t\t\t\t\t\t<p>Nesta subse\u00e7\u00e3o voc\u00ea deve descrever quais informa\u00e7\u00f5es s\u00e3o coletadas dos coment\u00e1rios. N\u00f3s j\u00e1 descrevemos quais dados o WordPress coleta por padr\u00e3o.<\/p>\t\t\t\t\t\t\t\t<\/div>\n\t\t\t\t<\/div>\n\t\t\t\t<div class=\"elementor-element elementor-element-6ae295d0 elementor-widget elementor-widget-heading\" data-id=\"6ae295d0\" data-element_type=\"widget\" data-e-type=\"widget\" data-widget_type=\"heading.default\">\n\t\t\t\t<div class=\"elementor-widget-container\">\n\t\t\t\t\t<h2 class=\"elementor-heading-title elementor-size-default\">M\u00eddia<\/h2>\t\t\t\t<\/div>\n\t\t\t\t<\/div>\n\t\t\t\t<div class=\"elementor-element elementor-element-122cda33 elementor-widget elementor-widget-text-editor\" data-id=\"122cda33\" data-element_type=\"widget\" data-e-type=\"widget\" data-widget_type=\"text-editor.default\">\n\t\t\t\t<div class=\"elementor-widget-container\">\n\t\t\t\t\t\t\t\t\t<p>Nesta subse\u00e7\u00e3o voc\u00ea deve descrever que informa\u00e7\u00f5es podem ser divulgadas quando um usu\u00e1rio envia arquivos de m\u00eddia. Todos os arquivos de m\u00eddia enviados geralmente s\u00e3o p\u00fablicos.<\/p>\t\t\t\t\t\t\t\t<\/div>\n\t\t\t\t<\/div>\n\t\t\t\t<div class=\"elementor-element elementor-element-2362387 elementor-widget elementor-widget-heading\" data-id=\"2362387\" data-element_type=\"widget\" data-e-type=\"widget\" data-widget_type=\"heading.default\">\n\t\t\t\t<div class=\"elementor-widget-container\">\n\t\t\t\t\t<h2 class=\"elementor-heading-title elementor-size-default\">Formul\u00e1rio de contato<\/h2>\t\t\t\t<\/div>\n\t\t\t\t<\/div>\n\t\t\t\t<div class=\"elementor-element elementor-element-65c6dcd5 elementor-widget elementor-widget-text-editor\" data-id=\"65c6dcd5\" data-element_type=\"widget\" data-e-type=\"widget\" data-widget_type=\"text-editor.default\">\n\t\t\t\t<div class=\"elementor-widget-container\">\n\t\t\t\t\t\t\t\t\t<p>Por padr\u00e3o, o WordPress n\u00e3o inclui um formul\u00e1rio de contato. Se voc\u00ea usa um plugin de formul\u00e1rios de contato, use essa subse\u00e7\u00e3o para explicar quais s\u00e3o os dados pessoais coletados quando algu\u00e9m envia informa\u00e7\u00f5es por um formul\u00e1rio de contato e por quanto tempo voc\u00ea mant\u00e9m essas informa\u00e7\u00f5es. Por exemplo, voc\u00ea pode informar que mant\u00e9m os dados enviados pelo formul\u00e1rio por algum tempo visando o atendimento ao consumidor, mas que n\u00e3o usa essas informa\u00e7\u00f5es para fins de marketing.<\/p>\t\t\t\t\t\t\t\t<\/div>\n\t\t\t\t<\/div>\n\t\t\t\t<div class=\"elementor-element elementor-element-5b87430 elementor-widget elementor-widget-heading\" data-id=\"5b87430\" data-element_type=\"widget\" data-e-type=\"widget\" data-widget_type=\"heading.default\">\n\t\t\t\t<div class=\"elementor-widget-container\">\n\t\t\t\t\t<h2 class=\"elementor-heading-title elementor-size-default\">Cookies<\/h2>\t\t\t\t<\/div>\n\t\t\t\t<\/div>\n\t\t\t\t<div class=\"elementor-element elementor-element-1393d305 elementor-widget elementor-widget-text-editor\" data-id=\"1393d305\" data-element_type=\"widget\" data-e-type=\"widget\" data-widget_type=\"text-editor.default\">\n\t\t\t\t<div class=\"elementor-widget-container\">\n\t\t\t\t\t\t\t\t\t<p>Nesta subse\u00e7\u00e3o, voc\u00ea deve listar os cookies que seu site usa, incluindo aqueles definidos por seus plugins, m\u00eddias sociais e an\u00e1lises. Fornecemos os cookies que o WordPress instala por padr\u00e3o.<\/p>\t\t\t\t\t\t\t\t<\/div>\n\t\t\t\t<\/div>\n\t\t\t\t<div class=\"elementor-element elementor-element-59dfaf2d elementor-widget elementor-widget-heading\" data-id=\"59dfaf2d\" data-element_type=\"widget\" data-e-type=\"widget\" data-widget_type=\"heading.default\">\n\t\t\t\t<div class=\"elementor-widget-container\">\n\t\t\t\t\t<h2 class=\"elementor-heading-title elementor-size-default\">An\u00e1lises<\/h2>\t\t\t\t<\/div>\n\t\t\t\t<\/div>\n\t\t\t\t<div class=\"elementor-element elementor-element-2b38ad22 elementor-widget elementor-widget-text-editor\" data-id=\"2b38ad22\" data-element_type=\"widget\" data-e-type=\"widget\" data-widget_type=\"text-editor.default\">\n\t\t\t\t<div class=\"elementor-widget-container\">\n\t\t\t\t\t\t\t\t\t<p>Nesta subse\u00e7\u00e3o voc\u00ea deve descrever qual o servi\u00e7o de analises que o seu site utiliza, como os usu\u00e1rios podem optar por n\u00e3o serem rastreados, e um link para a p\u00e1gina de pol\u00edtica de privacidade do seu provedor de analises, se houver.<\/p><p>Por padr\u00e3o, o WordPress n\u00e3o coleta nenhum dado para an\u00e1lise. Entretanto, muitos servi\u00e7os de hospedagem coletam alguns dados an\u00f4nimos para an\u00e1lise. Voc\u00ea tamb\u00e9m pode ter instalado um plugin do WordPress que fornece servi\u00e7os de an\u00e1lise. Neste caso, adicione as informa\u00e7\u00f5es do plugin aqui.<\/p>\t\t\t\t\t\t\t\t<\/div>\n\t\t\t\t<\/div>\n\t\t\t\t<div class=\"elementor-element elementor-element-6f6095e1 elementor-widget elementor-widget-heading\" data-id=\"6f6095e1\" data-element_type=\"widget\" data-e-type=\"widget\" data-widget_type=\"heading.default\">\n\t\t\t\t<div class=\"elementor-widget-container\">\n\t\t\t\t\t<h2 class=\"elementor-heading-title elementor-size-default\">Com quem compartilhamos seus dados<\/h2>\t\t\t\t<\/div>\n\t\t\t\t<\/div>\n\t\t\t\t<div class=\"elementor-element elementor-element-5b320475 elementor-widget elementor-widget-text-editor\" data-id=\"5b320475\" data-element_type=\"widget\" data-e-type=\"widget\" data-widget_type=\"text-editor.default\">\n\t\t\t\t<div class=\"elementor-widget-container\">\n\t\t\t\t\t\t\t\t\t<p>Nesta se\u00e7\u00e3o voc\u00ea deve listar todos os provedores terceirizados com quem voc\u00ea compartilha dados do site, incluindo parceiros, servi\u00e7os baseados na nuvem, processadores de pagamento e provedores de servi\u00e7os terceirizados, al\u00e9m de explicar quais dados voc\u00ea compartilha com eles e por que. Aponte para suas pr\u00f3prias pol\u00edticas de privacidade se poss\u00edvel.<\/p><p>Por padr\u00e3o, o WordPress n\u00e3o compartilha quaisquer dados pessoais.<\/p>\t\t\t\t\t\t\t\t<\/div>\n\t\t\t\t<\/div>\n\t\t\t\t<div class=\"elementor-element elementor-element-7e4967d8 elementor-widget elementor-widget-heading\" data-id=\"7e4967d8\" data-element_type=\"widget\" data-e-type=\"widget\" data-widget_type=\"heading.default\">\n\t\t\t\t<div class=\"elementor-widget-container\">\n\t\t\t\t\t<h2 class=\"elementor-heading-title elementor-size-default\">Por quanto tempo mantemos os seus dados<\/h2>\t\t\t\t<\/div>\n\t\t\t\t<\/div>\n\t\t\t\t<div class=\"elementor-element elementor-element-2075e857 elementor-widget elementor-widget-text-editor\" data-id=\"2075e857\" data-element_type=\"widget\" data-e-type=\"widget\" data-widget_type=\"text-editor.default\">\n\t\t\t\t<div class=\"elementor-widget-container\">\n\t\t\t\t\t\t\t\t\t<p>Nesta se\u00e7\u00e3o voc\u00ea dever\u00e1 explicar durante quanto tempo ret\u00e9m os dados pessoais recolhidos ou tratados pelo website. Embora seja sua responsabilidade definir o cronograma de quanto tempo voc\u00ea mant\u00e9m cada conjunto de dados e por que o mant\u00e9m, essas informa\u00e7\u00f5es precisam ser listadas aqui. Por exemplo, voc\u00ea pode querer dizer que mant\u00e9m as entradas do formul\u00e1rio de contato por seis meses, os registros anal\u00edticos por um ano e os registros de compras do cliente por dez anos.<\/p>\t\t\t\t\t\t\t\t<\/div>\n\t\t\t\t<\/div>\n\t\t\t\t<div class=\"elementor-element elementor-element-48324107 elementor-widget elementor-widget-heading\" data-id=\"48324107\" data-element_type=\"widget\" data-e-type=\"widget\" data-widget_type=\"heading.default\">\n\t\t\t\t<div class=\"elementor-widget-container\">\n\t\t\t\t\t<h2 class=\"elementor-heading-title elementor-size-default\">Quais s\u00e3o seus direitos sobre seus dados<\/h2>\t\t\t\t<\/div>\n\t\t\t\t<\/div>\n\t\t\t\t<div class=\"elementor-element elementor-element-118c96e1 elementor-widget elementor-widget-text-editor\" data-id=\"118c96e1\" data-element_type=\"widget\" data-e-type=\"widget\" data-widget_type=\"text-editor.default\">\n\t\t\t\t<div class=\"elementor-widget-container\">\n\t\t\t\t\t\t\t\t\t<p>Nesta se\u00e7\u00e3o voc\u00ea deve explicar quais direitos os seus usu\u00e1rios t\u00eam sobre os seus dados e como podem requerer estes direitos.<\/p>\t\t\t\t\t\t\t\t<\/div>\n\t\t\t\t<\/div>\n\t\t\t\t<div class=\"elementor-element elementor-element-4c18f02d elementor-widget elementor-widget-heading\" data-id=\"4c18f02d\" data-element_type=\"widget\" data-e-type=\"widget\" data-widget_type=\"heading.default\">\n\t\t\t\t<div class=\"elementor-widget-container\">\n\t\t\t\t\t<h2 class=\"elementor-heading-title elementor-size-default\">Para onde seus dados s\u00e3o enviados<\/h2>\t\t\t\t<\/div>\n\t\t\t\t<\/div>\n\t\t\t\t<div class=\"elementor-element elementor-element-42bbfe95 elementor-widget elementor-widget-text-editor\" data-id=\"42bbfe95\" data-element_type=\"widget\" data-e-type=\"widget\" data-widget_type=\"text-editor.default\">\n\t\t\t\t<div class=\"elementor-widget-container\">\n\t\t\t\t\t\t\t\t\t<p>Nesta se\u00e7\u00e3o voc\u00ea deve listar todas as transfer\u00eancias dos dados do seu site para fora da Uni\u00e3o Europeia e descrever os meios pelos quais estes dados s\u00e3o protegidos segundo os padr\u00f5es de prote\u00e7\u00e3o de dados europeus. Isto pode incluir a sua hospedagem de sites, armazenamento de nuvem ou outros servi\u00e7os de terceiros.<\/p><p>A lei de prote\u00e7\u00e3o de dados europeia exige que os dados de residentes europeus que sejam transferidos para fora da Uni\u00e3o Europeia tenham o mesmo n\u00edvel de prote\u00e7\u00e3o como se os dados estivessem na Europa. Assim, al\u00e9m de listar para onde os dados v\u00e3o, \u00e9 preciso descrever como voc\u00ea garante que estes padr\u00f5es estejam sendo seguidos, opr voc\u00ea ou pelos seus provedores terceiros, seja por meio de um acordo como o Escudo de Privacidade, cl\u00e1usulas modelo nos seus contratos ou normas corporativas vinculat\u00f3rias.<\/p>\t\t\t\t\t\t\t\t<\/div>\n\t\t\t\t<\/div>\n\t\t\t\t\t<\/div>\n\t\t\t\t<\/div>\n\t\t\t\t<\/div>\n\t\t","protected":false},"excerpt":{"rendered":"<p>Quem somos Nesta se\u00e7\u00e3o voc\u00ea deve explicitar o URL do seu site, assim como o nome da empresa, organiza\u00e7\u00e3o ou indiv\u00edduo respons\u00e1vel, e tamb\u00e9m informa\u00e7\u00f5es de contato detalhadas. O volume de informa\u00e7\u00f5es que voc\u00ea pode ser obrigado a fornecer varia de acordo com sua localiza\u00e7\u00e3o ou regras comerciais espec\u00edficas. Voc\u00ea pode, por exemplo, ser obrigado [&hellip;]<\/p>\n","protected":false},"author":1,"featured_media":0,"parent":0,"menu_order":0,"comment_status":"closed","ping_status":"closed","template":"elementor_canvas","meta":{"footnotes":""},"class_list":["post-76","page","type-page","status-publish","hentry"],"_links":{"self":[{"href":"https:\/\/ferrodrigues.com.br\/laricasfatness\/wp-json\/wp\/v2\/pages\/76","targetHints":{"allow":["GET"]}}],"collection":[{"href":"https:\/\/ferrodrigues.com.br\/laricasfatness\/wp-json\/wp\/v2\/pages"}],"about":[{"href":"https:\/\/ferrodrigues.com.br\/laricasfatness\/wp-json\/wp\/v2\/types\/page"}],"author":[{"embeddable":true,"href":"https:\/\/ferrodrigues.com.br\/laricasfatness\/wp-json\/wp\/v2\/users\/1"}],"replies":[{"embeddable":true,"href":"https:\/\/ferrodrigues.com.br\/laricasfatness\/wp-json\/wp\/v2\/comments?post=76"}],"version-history":[{"count":4,"href":"https:\/\/ferrodrigues.com.br\/laricasfatness\/wp-json\/wp\/v2\/pages\/76\/revisions"}],"predecessor-version":[{"id":83,"href":"https:\/\/ferrodrigues.com.br\/laricasfatness\/wp-json\/wp\/v2\/pages\/76\/revisions\/83"}],"wp:attachment":[{"href":"https:\/\/ferrodrigues.com.br\/laricasfatness\/wp-json\/wp\/v2\/media?parent=76"}],"curies":[{"name":"wp","href":"https:\/\/api.w.org\/{rel}","templated":true}]}}